{"id":833,"date":"2025-12-11T21:11:37","date_gmt":"2025-12-11T21:11:37","guid":{"rendered":"https:\/\/latabatiere.ch\/?page_id=833"},"modified":"2025-12-16T14:13:25","modified_gmt":"2025-12-16T14:13:25","slug":"la-note","status":"publish","type":"page","link":"https:\/\/latabatiere.ch\/fr\/la-note\/","title":{"rendered":"La Note"},"content":{"rendered":"<h3>LA NOTE \u2013 DE LA TABATI\u00c8RE<\/h3>\n<p>Notre petite note, pour vous tenir inform\u00e9s de la vie de La Tabati\u00e8re : nos nouveaut\u00e9s, nos s\u00e9lections et nos moments privil\u00e9gi\u00e9s ensemble.<\/p>\n<p>Juste l\u2019essentiel.<\/p>\n<p>Pour la recevoir, inscrivez-vous simplement ci-dessous.<\/p>\n<p><a href=\"http:\/\/eepurl.com\/jtQVN6\"><\/p>\n<p style=\"text-align: center;\"><img loading=\"lazy\" decoding=\"async\" src=\"http:\/\/latabatiere.ch\/wp-content\/uploads\/2025\/12\/jtQVN6.qr_.16-copie.png\" alt=\"\" width=\"200\" height=\"200\" class=\"alignnone size-medium wp-image-578\" \/><\/a><\/p>\n<p><a href=\"https:\/\/latabatiere.us17.list-manage.com\/unsubscribe?u=5eac9c4b63ea22e6909db2d83&#038;id=36519620e8&#038;t=1\"><\/p>\n<p style=\"text-align: center;\">Vous pouvez vous d\u00e9sinscrire \u00e0 tout moment. Vos donn\u00e9es sont g\u00e9r\u00e9es via Mailchimp.<\/a><\/p>\n","protected":false},"excerpt":{"rendered":"<p>LA NOTE \u2013 DE LA TABATI\u00c8RE Notre petite note, pour vous tenir inform\u00e9s de la vie de La Tabati\u00e8re : nos nouveaut\u00e9s, nos s\u00e9lections et nos moments privil\u00e9gi\u00e9s ensemble. Juste l\u2019essentiel. Pour la recevoir, inscrivez-vous simplement ci-dessous. Vous pouvez vous d\u00e9sinscrire \u00e0 tout moment. Vos donn\u00e9es sont g\u00e9r\u00e9es via Mailchimp.<\/p>\n","protected":false},"author":2,"featured_media":0,"parent":0,"menu_order":0,"comment_status":"closed","ping_status":"closed","template":"","meta":{"_monsterinsights_skip_tracking":false,"_monsterinsights_sitenote_active":false,"_monsterinsights_sitenote_note":"","_monsterinsights_sitenote_category":0,"footnotes":""},"class_list":["post-833","page","type-page","status-publish","hentry"],"_links":{"self":[{"href":"https:\/\/latabatiere.ch\/fr\/wp-json\/wp\/v2\/pages\/833"}],"collection":[{"href":"https:\/\/latabatiere.ch\/fr\/wp-json\/wp\/v2\/pages"}],"about":[{"href":"https:\/\/latabatiere.ch\/fr\/wp-json\/wp\/v2\/types\/page"}],"author":[{"embeddable":true,"href":"https:\/\/latabatiere.ch\/fr\/wp-json\/wp\/v2\/users\/2"}],"replies":[{"embeddable":true,"href":"https:\/\/latabatiere.ch\/fr\/wp-json\/wp\/v2\/comments?post=833"}],"version-history":[{"count":10,"href":"https:\/\/latabatiere.ch\/fr\/wp-json\/wp\/v2\/pages\/833\/revisions"}],"predecessor-version":[{"id":884,"href":"https:\/\/latabatiere.ch\/fr\/wp-json\/wp\/v2\/pages\/833\/revisions\/884"}],"wp:attachment":[{"href":"https:\/\/latabatiere.ch\/fr\/wp-json\/wp\/v2\/media?parent=833"}],"curies":[{"name":"wp","href":"https:\/\/api.w.org\/{rel}","templated":true}]}}