{"id":727,"date":"2025-07-17T05:42:27","date_gmt":"2025-07-17T05:42:27","guid":{"rendered":"https:\/\/latabatiere.ch\/?page_id=727"},"modified":"2026-01-21T11:46:01","modified_gmt":"2026-01-21T11:46:01","slug":"nos-tabacs-maison","status":"publish","type":"page","link":"https:\/\/latabatiere.ch\/fr\/nos-tabacs-maison\/","title":{"rendered":"Nos tabacs maison"},"content":{"rendered":"<h3>NOS M\u00c9LANGES DE TABACS MAISON <\/h3>\n<p style=\"text-align: left;\">D\u00e9couvrez les m\u00e9langes ouverts de La Tabati\u00e8re : nos tabacs \u00e0 pipe uniques, pr\u00e9par\u00e9s \u00e0 la main directement dans notre boutique \u00e0 Fribourg.<\/p>\n<p style=\"text-align: center;\"><img loading=\"lazy\" decoding=\"async\" src=\"http:\/\/latabatiere.ch\/wp-content\/uploads\/2025\/12\/tobacco_ok-scaled.jpeg\" alt=\"\" width=\"600\" height=\"206\" class=\"alignnone size-medium wp-image-578\" \/><\/p>\n<p style=\"text-align: center;\"><img loading=\"lazy\" decoding=\"async\" src=\"http:\/\/latabatiere.ch\/wp-content\/uploads\/2025\/12\/TobaccoList20251211.png\" alt=\"\" width=\"600\" height=\"206\" class=\"alignnone size-medium wp-image-578\" \/><\/p>\n<div style=\"margin-top:2px; text-align:center;\">\n  <a href=\"https:\/\/wa.me\/41793223232?text=Bonjour%20La%20Tabati%C3%A8re,%20je%20souhaite%20un%20renseignement.\" target=\"_blank\" rel=\"noopener\" style=\"color:#b59a5b; text-decoration:none;\"><br \/>\n    Pour passer une commande vous pouvez aussi nous contacter via WhatsApp 079 322 32 32.<br \/>\n  <\/a>\n<\/div>\n<div style=\"margin-top:4px; text-align:center;\">\n  <a href=\"https:\/\/wa.me\/41793223232?text=Bonjour%20La%20Tabati%C3%A8re,%20je%20souhaite%20un%20renseignement.\" target=\"_blank\" rel=\"noopener\"><br \/>\n    <img decoding=\"async\" src=\"http:\/\/latabatiere.ch\/wp-content\/uploads\/2025\/12\/QR_LT1700_ok-e1766142767534.jpeg\"\n         alt=\"WhatsApp La Tabati\u00e8re\"\n         width=\"300\" \/><br \/>\n  <\/a>\n<\/div>\n","protected":false},"excerpt":{"rendered":"<p>NOS M\u00c9LANGES DE TABACS MAISON D\u00e9couvrez les m\u00e9langes ouverts de La Tabati\u00e8re : nos tabacs \u00e0 pipe uniques, pr\u00e9par\u00e9s \u00e0 la main directement dans notre boutique \u00e0 Fribourg. Pour passer une commande vous pouvez aussi nous contacter via WhatsApp 079 322 32 32.<\/p>\n","protected":false},"author":2,"featured_media":0,"parent":0,"menu_order":0,"comment_status":"closed","ping_status":"closed","template":"","meta":{"_monsterinsights_skip_tracking":false,"_monsterinsights_sitenote_active":false,"_monsterinsights_sitenote_note":"","_monsterinsights_sitenote_category":0,"footnotes":""},"class_list":["post-727","page","type-page","status-publish","hentry"],"_links":{"self":[{"href":"https:\/\/latabatiere.ch\/fr\/wp-json\/wp\/v2\/pages\/727"}],"collection":[{"href":"https:\/\/latabatiere.ch\/fr\/wp-json\/wp\/v2\/pages"}],"about":[{"href":"https:\/\/latabatiere.ch\/fr\/wp-json\/wp\/v2\/types\/page"}],"author":[{"embeddable":true,"href":"https:\/\/latabatiere.ch\/fr\/wp-json\/wp\/v2\/users\/2"}],"replies":[{"embeddable":true,"href":"https:\/\/latabatiere.ch\/fr\/wp-json\/wp\/v2\/comments?post=727"}],"version-history":[{"count":43,"href":"https:\/\/latabatiere.ch\/fr\/wp-json\/wp\/v2\/pages\/727\/revisions"}],"predecessor-version":[{"id":1445,"href":"https:\/\/latabatiere.ch\/fr\/wp-json\/wp\/v2\/pages\/727\/revisions\/1445"}],"wp:attachment":[{"href":"https:\/\/latabatiere.ch\/fr\/wp-json\/wp\/v2\/media?parent=727"}],"curies":[{"name":"wp","href":"https:\/\/api.w.org\/{rel}","templated":true}]}}