{"id":7,"date":"2015-02-17T12:17:05","date_gmt":"2015-02-17T12:17:05","guid":{"rendered":"http:\/\/latabatiere.ch\/2015\/\/?page_id=7"},"modified":"2025-12-17T21:51:10","modified_gmt":"2025-12-17T21:51:10","slug":"ecommerce","status":"publish","type":"page","link":"https:\/\/latabatiere.ch\/fr\/ecommerce\/","title":{"rendered":"About us"},"content":{"rendered":"<p style=\"text-align: center;\">Ihr Fachgesch\u00e4ft in Freiburg\u00a0&#8211; Votre boutique sp\u00e9cialis\u00e9e \u00e0 Fribourg &#8211; Your specialized merchant in Fribourg<br \/>\n&nbsp;<br \/>\nFamilienbetrieb seit 1978 &#8211; Entreprise familiale depuis 1978 &#8211; Family owned since 1978<\/p>\n<p style=\"text-align: center;\">\n  <img loading=\"lazy\" decoding=\"async\" src=\"http:\/\/latabatiere.ch\/wp-content\/uploads\/2025\/12\/AboutUs-scaled.jpeg\"\n       alt=\"C'est nous\"\n       width=\"600\"\n       height=\"206\" \/>\n<\/p>\n<p style=\"text-align: center;\"><strong>Unsere Zertifizierungen | Nos certifications | Our certifications<\/strong><br \/>\n&nbsp;<br \/>\nHabanos Sp\u00e9cialist D.O.P.<br \/>\nD\u00e9positaire agr\u00e9\u00e9 Davidoff<br \/>\nAmbassador Patoro<br \/>\nArtisan Tobacco Mixture Blender<br \/>\nTop Adress Whisky Guide CH<br \/>\nSingle-Malt-Shop-Partner<br \/>\nSpeciality coffee: SCAE Member<br \/>\nPartenaire agr\u00e9\u00e9 S.T.Dupont<br \/>\nPORSCHE DESIGN partner<\/p>\n<p style=\"text-align: center;\"><strong>Fachh\u00e4ndler f\u00fcr | Commercent pour | Merchants for <\/strong><br \/>\nCigars &#8211; Tobacco &#8211; Pipes &#8211; Whisky &#8211; Rum &#8211; Cognac &amp; Articles Fumeurs<\/p>\n<p>Cigars &#8211; Habanos cigars, Davidoff, Patoro, Horacio, Izambar, Placencia, Cavalier de Gen\u00e8ve, AVO, Alec Bradley, Griffin&rsquo;s, Daughters of the wind, CAPITOL, Vega Fina, Flor de Copan, El Septimo, Crazy Monkey, CAMACHO, West Tampa, Mathilda, Minotaur, Skull, Joya de Nicaragua, Flor de Selva, Bongani, La Aurora, Macanudo, Oliva, OSA, Caldwell, Eiora, Perdomo, El Viejo Continente, Bentley, Padilla, Rocky Patel, Furia, Asylum, La Ley, My father, Tatuaje, Villiger, MOSH, Baltimore, Black Label, el Sue\u00f1o, Tres Hermanos&#8230;<\/p>\n<p>Tobacco &#8211; Davidoff, W.O.Larsen, Chacom, Peterson, Orlik, Wellauer, Borkum Riff, McBaren, Stanwell, Burrus, Freyburg &#038; Treyer, Bentley, Cellini, Bellini, Capstan, Sunday&rsquo;s Fantasy, Vauen Auenland, Indian Summer, Kentucky Bird, St.Louis Blues, K&#038;K&#8230;<\/p>\n<p>Pipes &#8211; Ascorti, Peterson, Vauen, Chacom, Faro, Savinelli, Stanwell, Firex, L&rsquo;anatra, Cheppeto, Ceppo, Davidoff&#8230;<\/p>\n<p>Articles Fumeurs &#8211; S.T.Dupont, PORSCHE DESIGN, RONSON, Les Fines Lames, Savinelli, Colibri, Lubinsky Italy, Pocket Torch, Easy Torch, ZIPPO&#8230;&nbsp;<\/p>\n<div class=\"su-row\">\n<div class=\"su-column su-column-size-1-2\"><div class=\"su-column-inner su-u-clearfix su-u-trim\">\n<strong>Contr\u00f4le de qualit\u00e9 suisse certifi\u00e9<\/strong><br \/>\nINTERTABAK AG certifie que chaque cigar achet\u00e9 chez nous est un produit authentique de Habanos S.A. \u00e0 Cuba, officiellement import\u00e9 par Intertabak AG en Suisse, qui a pass\u00e9 avec succ\u00e8s le contr\u00f4le de qualit\u00e9 suisse et qui a toujours \u00e9t\u00e9 conserv\u00e9 dans des conditions parfaites.<br \/>\nIl en va de m\u00eame pour tous les produits d&rsquo;Oettinger Davidoff AG.<\/p>\n<p><strong>Stockage de qualit\u00e9 suisse certifi\u00e9e<\/strong><br \/>\nNous conservons nous cigares en toute s\u00e9curit\u00e9 : stockage \u00e0 temp\u00e9rature et humidit\u00e9 contr\u00f4l\u00e9es selon les r\u00e8gles strictes d&rsquo;INTERTABAK AG et d&rsquo;Oettinger Davidoff AG.<\/p>\n<\/div><\/div>\n<div class=\"su-column su-column-size-1-2\"><div class=\"su-column-inner su-u-clearfix su-u-trim\">\n<strong>Zertifizierte Schweizer Qualit\u00e4tskontrolle<\/strong><br \/>\nINTERTABAK AG zertifiziert, dass jede bei uns gekaufte Zigarre ein authentisches Produkt von Habanos S.A. in Kuba ist, das von Intertabak AG offiziell in die Schweiz importiert wurde, die Schweizer Qualit\u00e4tskontrolle bestanden hat und stets unter perfekten Bedingungen aufbewahrt wurde.<br \/>\nDasselbe gilt f\u00fcr alle Produkte der Oettinger Davidoff AG.<\/p>\n<p><strong>Lagerung in zertifizierter Schweizer Qualit\u00e4t<\/strong><br \/>\nWir bewahren unsere Zigarren sicher auf: Lagerung bei kontrollierter Temperatur und Luftfeuchtigkeit nach den strengen Regeln der INTERTABAK AG und der Oettinger Davidoff AG.<\/p>\n<\/div><\/div>\n<\/div>\n<div class=\"su-accordion su-u-trim\">&nbsp;<\/p>\n<div class=\"su-spoiler su-spoiler-style-default su-spoiler-icon-plus\" data-scroll-offset=\"0\" data-anchor-in-url=\"no\"><div class=\"su-spoiler-title\" tabindex=\"0\" role=\"button\"><span class=\"su-spoiler-icon\"><\/span>TOBACCO<\/div><div class=\"su-spoiler-content su-u-clearfix su-u-trim\"><div class=\"su-row\"> <div class=\"su-column su-column-size-1-3\"><div class=\"su-column-inner su-u-clearfix su-u-trim\">\n<p>D\u00e9positaire Davidoff agr\u00e9\u00e9\u00a0&amp;<br \/>\nHabanos Specialist<br \/>\n\u2192 Les meilleures vitoles du monde conditionn\u00e9es en cave \u00e0 cigares par nos soins et pr\u00e9par\u00e9es pour la vente au detail &#8211; depuis 1978.<br \/>\n\u2192 Les marques de tabacs \u00e0 pipes que nous vous proposons, sont tr\u00e8s demand\u00e9s et appr\u00e9ci\u00e9s. Le 2000 est notre classique.<br \/>\n<\/div><\/div> <div class=\"su-column su-column-size-1-3\"><div class=\"su-column-inner su-u-clearfix su-u-trim\">\n<p>D\u00e9positaire Davidoff agr\u00e9\u00e9\u00a0&amp;<br \/>\nHabanos Specialist<br \/>\n\u2192 The world&rsquo;s best cigars honed and cared for in our cave \u00e0 cigares and prepared to provide immediate pleasure &#8211; since 1978.<br \/>\n\u2192 Die Pfeifentabakmarken, welche wir anbieten d\u00fcrfen sind sehr beliebt. Der 2000 ist unser Klassiker.<br \/>\n<\/div><\/div> <div class=\"su-column su-column-size-1-3\"><div class=\"su-column-inner su-u-clearfix su-u-trim\">\n<p>D\u00e9positaire Davidoff agr\u00e9\u00e9\u00a0&amp;<br \/>\nHabanos Specialist<br \/>\n\u2192 The world&rsquo;s best cigars honed and cared for in our cave \u00e0 cigares and prepared to provide immediate pleasure &#8211; since 1978.<br \/>\n\u2192 The pipe tobaccos brands we are privileged to offer, are very appreciated. The 2000 is our classic.<br \/>\n<\/div><\/div><\/div><\/div><\/div>\n<div class=\"su-spoiler su-spoiler-style-default su-spoiler-icon-plus su-spoiler-closed\" data-scroll-offset=\"0\" data-anchor-in-url=\"no\"><div class=\"su-spoiler-title\" tabindex=\"0\" role=\"button\"><span class=\"su-spoiler-icon\"><\/span>SPIRITS<\/div><div class=\"su-spoiler-content su-u-clearfix su-u-trim\">\n<div class=\"su-row\">\n<div class=\"su-column su-column-size-1-3\"><div class=\"su-column-inner su-u-clearfix su-u-trim\">\n<p>the single malt shop<br \/>\n\u2192 \u00ab\u00a0permanent r\u00e9sident\u00a0\u00bb @ La Tabati\u00e8re<\/p>\n<p>Nous avons le plaisir de vous proposer plus de +300 whiskies et rhum !<\/p>\n<p>Dans la vie comme dans son entreprise la qualit\u00e9 \u00e9tait au centre de la philosophie de Zino Davidoff.<br \/>\nVous retrouverez l\u2019essence de cet esprit dans les cognac Davidoff.<\/p>\n<\/div><\/div>\n<div class=\"su-column su-column-size-1-3\"><div class=\"su-column-inner su-u-clearfix su-u-trim\">\n<p>the single malt shop<br \/>\n\u2192 \u00ab\u00a0permanent r\u00e9sident\u00a0\u00bb @ La Tabati\u00e8re<\/p>\n<p>Wir freuen uns sehr Ihnen eine\u00a0Auswahl von +300 Whiskies und Rum anzubieten !<\/p>\n<p>Zino Davidoff erhob die Qualit\u00e4t zur Philosophie seines Lebens und seines Unternehmens.<br \/>\nDie Essenz dieser \u00dcberzeugung erleben Sie in den Cognac Davidoff.<\/p>\n<\/div><\/div>\n<div class=\"su-column su-column-size-1-3\"><div class=\"su-column-inner su-u-clearfix su-u-trim\">\n<p>the single malt shop<br \/>\n\u2192 \u00ab\u00a0permanent r\u00e9sident\u00a0\u00bb @ La Tabati\u00e8re<\/p>\n<p>We&rsquo;re very pleased to provide you a choice of over +300 whiskies and rums !<\/p>\n<p>In both life and business, Zino Davidoff made quality his philosophy.<br \/>\nThe essence of this claim is brought to you in the cognac Davidoff.<\/p>\n<\/div><\/div><\/div><\/div><\/div>\n<div class=\"su-spoiler su-spoiler-style-default su-spoiler-icon-plus su-spoiler-closed\" data-scroll-offset=\"0\" data-anchor-in-url=\"no\"><div class=\"su-spoiler-title\" tabindex=\"0\" role=\"button\"><span class=\"su-spoiler-icon\"><\/span>BOUTIQUE<\/div><div class=\"su-spoiler-content su-u-clearfix su-u-trim\"><div class=\"su-row\"> <div class=\"su-column su-column-size-1-3\"><div class=\"su-column-inner su-u-clearfix su-u-trim\">\n<p>Jeux Loterie Romande, Jeux \u00e0 gratter, bonbons, presse, tabacs shisha, tabacs pipes, cigars et cigarettes<\/p>\n<\/div><\/div> <div class=\"su-column su-column-size-1-3\"><div class=\"su-column-inner su-u-clearfix su-u-trim\">\n<p>Schweizer Zahlenlotto, Rubbelspiele, S\u00fcssigkeiten, Presse, Shishatabak, Pfeifentabak, Zigarren und Zigaretten<\/p>\n<\/div><\/div> <div class=\"su-column su-column-size-1-3\"><div class=\"su-column-inner su-u-clearfix su-u-trim\">\n<p>Swiss lottery, scratch games, press, sweets, shisha tobacco, pipe tobacco, cigars and cigarettes<br \/>\n<\/div><\/div><\/div><\/div><\/div>\n<div class=\"su-accordion su-u-trim\"><\/div>\n<\/div>\n","protected":false},"excerpt":{"rendered":"<p>Ihr Fachgesch\u00e4ft in Freiburg\u00a0&#8211; Votre boutique sp\u00e9cialis\u00e9e \u00e0 Fribourg &#8211; Your specialized merchant in Fribourg &nbsp; Familienbetrieb seit 1978 &#8211; Entreprise familiale depuis 1978 &#8211; Family owned since 1978 Unsere Zertifizierungen | Nos certifications | Our certifications &nbsp; Habanos Sp\u00e9cialist D.O.P. D\u00e9positaire agr\u00e9\u00e9 Davidoff Ambassador Patoro Artisan Tobacco Mixture Blender Top Adress Whisky Guide CH [&hellip;]<\/p>\n","protected":false},"author":1,"featured_media":0,"parent":0,"menu_order":0,"comment_status":"closed","ping_status":"closed","template":"","meta":{"_monsterinsights_skip_tracking":false,"_monsterinsights_sitenote_active":false,"_monsterinsights_sitenote_note":"","_monsterinsights_sitenote_category":0,"footnotes":""},"class_list":["post-7","page","type-page","status-publish","hentry"],"_links":{"self":[{"href":"https:\/\/latabatiere.ch\/fr\/wp-json\/wp\/v2\/pages\/7"}],"collection":[{"href":"https:\/\/latabatiere.ch\/fr\/wp-json\/wp\/v2\/pages"}],"about":[{"href":"https:\/\/latabatiere.ch\/fr\/wp-json\/wp\/v2\/types\/page"}],"author":[{"embeddable":true,"href":"https:\/\/latabatiere.ch\/fr\/wp-json\/wp\/v2\/users\/1"}],"replies":[{"embeddable":true,"href":"https:\/\/latabatiere.ch\/fr\/wp-json\/wp\/v2\/comments?post=7"}],"version-history":[{"count":234,"href":"https:\/\/latabatiere.ch\/fr\/wp-json\/wp\/v2\/pages\/7\/revisions"}],"predecessor-version":[{"id":1008,"href":"https:\/\/latabatiere.ch\/fr\/wp-json\/wp\/v2\/pages\/7\/revisions\/1008"}],"wp:attachment":[{"href":"https:\/\/latabatiere.ch\/fr\/wp-json\/wp\/v2\/media?parent=7"}],"curies":[{"name":"wp","href":"https:\/\/api.w.org\/{rel}","templated":true}]}}