{"id":1144,"date":"2025-12-18T23:11:18","date_gmt":"2025-12-18T23:11:18","guid":{"rendered":"https:\/\/latabatiere.ch\/?page_id=1144"},"modified":"2025-12-19T20:41:28","modified_gmt":"2025-12-19T20:41:28","slug":"nos-references","status":"publish","type":"page","link":"https:\/\/latabatiere.ch\/fr\/nos-references\/","title":{"rendered":"Nos r\u00e9f\u00e9rences"},"content":{"rendered":"<h3>NOTRE S\u00c9LECTION DE R\u00c9F\u00c9RENCES <\/h3>\n<p style=\"margin: 0 0 0.8em 0;\">\n  <strong>D\u00e9couvrez notre s\u00e9lection de r\u00e9f\u00e9rences en boutique<\/strong> : nous nous r\u00e9jouissons de vous accompagner dans votre choix.\n<\/p>\n<p style=\"text-align: center;\">\n  <img loading=\"lazy\" decoding=\"async\" src=\"http:\/\/latabatiere.ch\/wp-content\/uploads\/2025\/12\/FineSpirits.jpg\"\n       alt=\"Our Fine Spirits\"\n       width=\"600\"\n       height=\"206\" \/>\n<\/p>\n<p><\/p>\n<p style=\"margin: 0 0 0.8em 0;\">\n  <strong>CIGARES<\/strong><br \/>\n  Nos cigares, \u00e0 l\u2019unit\u00e9 ou en bo\u00eete : entrez dans notre humidor walk-in \u00e0 plus de 600 r\u00e9f\u00e9rences. Contr\u00f4le de qualit\u00e9 suisse certifi\u00e9 et stockage de qualit\u00e9 suisse certifi\u00e9e, selon les r\u00e8gles strictes d\u2019INTERTABAK AG et d\u2019Oettinger Davidoff AG.\n<\/p>\n<p><\/p>\n<p style=\"margin: 0 0 0.8em 0;\">\n  <strong>TABACS &amp; PIPES<\/strong><br \/>\n  Tabacs \u00e0 pipes (marques classiques) et m\u00e9langes maison (le 2000 est notre classique) \u00e0 plus de 200 r\u00e9f\u00e9rences.<br \/>\nPipes de fabricants europ\u00e9ens reconnus, l\u00e0 aussi plus de 200 r\u00e9f\u00e9rences \u00e0 votre choix.\n<\/p>\n<p><\/p>\n<p style=\"margin: 0 0 0.8em 0;\">\n  <strong>SPIRITUEUX<\/strong><br \/>\n  <strong>The Single Malt Shop<\/strong>, r\u00e9sident permanent \u00e0 <strong>La Tabati\u00e8re<\/strong> \u2014 Switzerland\u2019s Best Whisky Shop <strong>2015 &amp; 2025<\/strong>. Nous sommes fiers de vous proposer une s\u00e9lection prim\u00e9e de plus de <strong>300 spiritueux d\u2019exception<\/strong>.\n<\/p>\n<p><\/p>\n<p style=\"margin: 0 0 1.2em 0;\">\n  <strong>CAF\u00c9<\/strong><br \/>\n  Go\u00fbtez le Ggaffi|Ggaff\u00e9, le caf\u00e9 de La Tabati\u00e8re, imagin\u00e9 et torr\u00e9fi\u00e9 par Matteo \u2013 Caf\u00e9 Grand-Rue, \u00e0 savourer chez vous, \u00e0 la maison.\n<\/p>\n<p><\/p>\n<p style=\"margin: 0 0 1.2em 0;\">\n  <strong>ACCESSOIRES<\/strong><br \/>\n  S.T. Dupont, Porsche Design et accessoires s\u00e9lectionn\u00e9s pour leur fonctionnalit\u00e9 et leur durabilit\u00e9.\n<\/p>\n<p><\/p>\n<div style=\"margin-top: 1.2em;\"><\/div>\n<div class=\"su-accordion su-u-trim\">\n<div class=\"su-spoiler su-spoiler-style-default su-spoiler-icon-plus su-spoiler-closed\" data-scroll-offset=\"0\" data-anchor-in-url=\"no\"><div class=\"su-spoiler-title\" tabindex=\"0\" role=\"button\"><span class=\"su-spoiler-icon\"><\/span>la liste de r\u00e9f\u00e9rences<br \/>\n(non exhaustive)<\/div><div class=\"su-spoiler-content su-u-clearfix su-u-trim\">\n<h4>Cigares<\/h4>\n<p>Cigares cubains : HABANOS D.O.P<br \/>\n(selon disponibilit\u00e9s)<br \/>\nBEHIKE, Bol\u00edvar, Cohiba, Cuaba, Diplom\u00e1ticos, El Rey del Mundo, Fonseca, H. Upmann, Hoyo de Monterrey, Hoyo de San Juan, Jos\u00e9 L. Piedra, Juan L\u00f3pez, La Flor de Cano, La Gloria Cubana, Montecristo, Partag\u00e1s, Por Larra\u00f1aga, Punch, Quai d\u2019Orsay, Quintero, Rafael Gonz\u00e1lez, Ram\u00f3n Allones, Romeo y Julieta, San Crist\u00f3bal de La Habana, San Luis Rey, Sancho Panza, Trinidad, Vegas Robaina, Vegueros<\/p>\n<p>Autres pays<br \/>\nDavidoff, Patoro, AJ Fernandez, Alec Bradley, Arturo Fuente, Asylum, AVO, Baltimore, Bentley, Black Label, Bongani, Caldwell, Camacho, Capitol, Casa Turrent, Cavalier de Gen\u00e8ve, Cigar Kings, Crazy Monkey, D8, Daughters of the Wind, EP Carrillo, Eiroa, El Sue\u00f1o, El S\u00e9ptimo, El Viejo Continente, Flor de Cop\u00e1n, Flor de Selva, Fratello, Furia, Griffin\u2019s, Horacio, Izambar, Joya de Nicaragua, La Aroma de Cuba, La Aurora, La Flor Dominicana, La Galera, La Ley, Laura Chavin, Macanudo, Mathilda, Minotaur, MOSH, My Father, NUB, Oscar Leaf, Oliva, OSA, Padilla, Perdomo, Plasencia, Rocky Patel, Samana, Skull, Sorella, Tatuaje, Tres Hermanos, Valentino Siesta, Vega Fina, Villiger, West Tampa\u2026<\/p>\n<h4>Tabacs<\/h4>\n<p>Davidoff, Bellini, Bentley, Borkum Riff, Burrus, Capstan, Cellini, Chacom, Freyburg &#038; Treyer, Indian Summer, Kentucky Bird, Kohlhase &#038; Kopp, Mac Baren, Orlik, Peterson of Dublin, Rattray\u2019s, Solani, Stanwell, St. Louis Blues, Sunday\u2019s Fantasy, Vauen Auenland, Wellauer, W.O. Larsen\u2026<\/p>\n<h4>Pipes<\/h4>\n<p>Davidoff, Ascorti, Peterson, Vauen, Chacom, Faro, Savinelli, Stanwell, Firex, L&rsquo;anatra, Cheppeto, Ceppo\u2026<\/p>\n<h4>Whiskies<\/h4>\n<p>Aberfeldy, Aberlour, anCnoc, Ardmore, Ardbeg, Armorik, Arran, Auchentoshan, Aultmore, Balblair, Balvenie, Ballechin, BenRiach, Benromach, Big Peat, Bowmore, Bruichladdich, Bunnahabhain, Bushmills, Caol Ila, Cardhu, Clynelish, Connemara, Cragganmore, Craigellachie, Dalmore, Dalwhinnie, Deanston, Edradour, Evan Williams, Fettercairn, Finlaggan, Fuyu, Glen Deveron, Glen Elgin, Glen Garioch, Glen Moray, Glen Scotia, GlenAllachie, Glenburgie, Glencadam, Glendalough, GlenDronach, Glenfarclas, Glenfiddich, Glenkinchie, Glenlivet, Glenmorangie, Glenrothes, Glentauchers, Green Spot, Hakushu, Hammer Head, Hazelburn, Highland Park, Hibiki, Ileach, Inchmoan, Inchmurrin, Jura, Kavalan, Kilchoman, Kilkerran, Lagavulin, Langatun, Laphroaig, Ledaig, Loch Lomond, Longmorn, Longrow, Macallan, MacNair\u2019s, Midleton, Miltonduff, Monkey Shoulder, Mortlach, Nikka, Nomad, Oban, Octomore, Old Ballantruan, Old Pulteney, Omar, Paul John, Penderyn, Port Charlotte, Raasay, Redbreast, Rock Oyster, Roe &amp; Co., Royal Brackla, Royal Lochnagar, S\u00e4ntis Malt, Scallywag, Scapa, Singleton of Dufftown, Smokehead, Speyburn, Springbank, Swiss Mountain Single Malt, Talisker, Tamdhu, Tamnavulin, Teeling, Timorous Beastie, Tomatin, Tomintoul, Tullibardine, Wild Turkey, Wolfburn, Woodford Reserve, Writer\u2019s Tears, Yellow Spot\u2026<\/p>\n<h4>Rhums<\/h4>\n<p>Abuelo, Angostura, Appleton Estate, Centenario, Cl\u00e9ment, Diplomatico, Don Papa, Havana Club, Kirk &amp; Sweeney, Lazy Dodo, Malecon, Matusalem, Millonario, Plantation, Pusser\u2019s, Zacapa\u2026<\/p>\n<h4>Signature<\/h4>\n<p>Cognac Davidoff VSOP, Cognac Davidoff XO, Gin PATORO Sir Chill et autres r\u00e9f\u00e9rences small-batch\u2026<\/p>\n<h4>Articles fumeurs<\/h4>\n<p>S.T. Dupont, Porsche Design, Ronson, Les Fines Lames, Savinelli, Colibri, Lubinsky Italy, Pocket Torch, Easy Torch, Zippo\u2026<\/p>\n<\/div><\/div>\n<\/div>\n","protected":false},"excerpt":{"rendered":"<p>NOTRE S\u00c9LECTION DE R\u00c9F\u00c9RENCES D\u00e9couvrez notre s\u00e9lection de r\u00e9f\u00e9rences en boutique : nous nous r\u00e9jouissons de vous accompagner dans votre choix. CIGARES Nos cigares, \u00e0 l\u2019unit\u00e9 ou en bo\u00eete : entrez dans notre humidor walk-in \u00e0 plus de 600 r\u00e9f\u00e9rences. Contr\u00f4le de qualit\u00e9 suisse certifi\u00e9 et stockage de qualit\u00e9 suisse certifi\u00e9e, selon les r\u00e8gles strictes [&hellip;]<\/p>\n","protected":false},"author":2,"featured_media":0,"parent":0,"menu_order":0,"comment_status":"closed","ping_status":"closed","template":"","meta":{"_monsterinsights_skip_tracking":false,"_monsterinsights_sitenote_active":false,"_monsterinsights_sitenote_note":"","_monsterinsights_sitenote_category":0,"footnotes":""},"class_list":["post-1144","page","type-page","status-publish","hentry"],"_links":{"self":[{"href":"https:\/\/latabatiere.ch\/fr\/wp-json\/wp\/v2\/pages\/1144"}],"collection":[{"href":"https:\/\/latabatiere.ch\/fr\/wp-json\/wp\/v2\/pages"}],"about":[{"href":"https:\/\/latabatiere.ch\/fr\/wp-json\/wp\/v2\/types\/page"}],"author":[{"embeddable":true,"href":"https:\/\/latabatiere.ch\/fr\/wp-json\/wp\/v2\/users\/2"}],"replies":[{"embeddable":true,"href":"https:\/\/latabatiere.ch\/fr\/wp-json\/wp\/v2\/comments?post=1144"}],"version-history":[{"count":24,"href":"https:\/\/latabatiere.ch\/fr\/wp-json\/wp\/v2\/pages\/1144\/revisions"}],"predecessor-version":[{"id":1255,"href":"https:\/\/latabatiere.ch\/fr\/wp-json\/wp\/v2\/pages\/1144\/revisions\/1255"}],"wp:attachment":[{"href":"https:\/\/latabatiere.ch\/fr\/wp-json\/wp\/v2\/media?parent=1144"}],"curies":[{"name":"wp","href":"https:\/\/api.w.org\/{rel}","templated":true}]}}