{"id":1135,"date":"2025-12-18T22:56:19","date_gmt":"2025-12-18T22:56:19","guid":{"rendered":"https:\/\/latabatiere.ch\/?page_id=1135"},"modified":"2026-03-07T19:32:31","modified_gmt":"2026-03-07T19:32:31","slug":"notre-cafe","status":"publish","type":"page","link":"https:\/\/latabatiere.ch\/fr\/notre-cafe\/","title":{"rendered":"Notre caf\u00e9"},"content":{"rendered":"<p style=\"text-align: left; font-size: 1.4em; line-height: 1.3;\"><span style=\"color:#ffffff;\"> \u00ab es Ggaffi bitte, un Ggaff\u00e9 SVP ! \u00bb <\/span><\/p>\n<p style=\"text-align: left;\">\n  Go\u00fbtez le caf\u00e9 de <strong>La Tabati\u00e8re<\/strong>, imagin\u00e9 et torr\u00e9fi\u00e9 par <strong>Matteo \u2013 Caf\u00e9 Grand-Rue<\/strong>, \u00e0 savourer <strong>chez vous, \u00e0 la maison<\/strong>.\n<\/p>\n<p style=\"text-align: center;\">\n  <img loading=\"lazy\" decoding=\"async\" src=\"http:\/\/latabatiere.ch\/wp-content\/uploads\/2025\/12\/Ggaffi_yes-scaled.jpeg\"\n       alt=\"Caf\u00e9 Graffi \u2013 Winter Edition\"\n       width=\"600\"\n       height=\"206\" \/>\n<\/p>\n<p style=\"text-align:center;\">\n  <strong>\u00c9dition WINTER<\/strong><br \/>\nTorr\u00e9faction artisanale \u2013 s\u00e9rie limit\u00e9e.<\/p>\n<p style=\"text-align: center;\">\n  <strong>Provenance<\/strong><br \/>\n  Mexico Capitan \u2013 Arabica 70 %<br \/>\n  India Keppi Royal \u2013 Robusta 30 %\n<\/p>\n<p style=\"text-align: center;\">\n  <strong>Notes de d\u00e9gustation<\/strong><br \/>\n  Au nez : notes de brioche grill\u00e9e<br \/>\n  En bouche : une belle rondeur, onctueuse<br \/>\n  En finale : une fra\u00eecheur \u00e9l\u00e9gante\n<\/p>\n<div style=\"text-align:center;\">\n<div style=\"line-height:1.2;\">\n    \u2615<br \/>\n<strong>Quantit\u00e9 limit\u00e9e chez nous en boutique<\/strong>\n  <\/div>\n<div style=\"margin-top:2px;\">\n    <a href=\"https:\/\/wa.me\/41793223232?text=Bonjour%20La%20Tabati\u00e8re,%20je%20souhaite%20un%20renseignement%20sur%20le%20caf\u00e9%20Ggaffi%20Winter%20Edition.\"\n       style=\"color:#b59a5b; text-decoration:none;\"><br \/>\n      Pour passer une commande vous pouvez aussi nous contacter via WhatsApp 079 322 32 32.<br \/>\n    <\/a>\n  <\/div>\n<div style=\"margin-top:4px;\">\n    <a href=\"https:\/\/wa.me\/41793223232?text=Bonjour%20La%20Tabati\u00e8re,%20je%20souhaite%20un%20renseignement%20sur%20le%20caf\u00e9%20Ggaffi%20Winter%20Edition.\" target=\"_blank\" rel=\"noopener\"><br \/>\n      <img decoding=\"async\" src=\"http:\/\/latabatiere.ch\/wp-content\/uploads\/2025\/12\/QR_LT1700_ok-e1766142767534.jpeg\"\n           alt=\"WhatsApp La Tabati\u00e8re\"\n           width=\"300\" \/><br \/>\n    <\/a>\n  <\/div>\n<\/div>\n","protected":false},"excerpt":{"rendered":"<p>\u00ab es Ggaffi bitte, un Ggaff\u00e9 SVP ! \u00bb Go\u00fbtez le caf\u00e9 de La Tabati\u00e8re, imagin\u00e9 et torr\u00e9fi\u00e9 par Matteo \u2013 Caf\u00e9 Grand-Rue, \u00e0 savourer chez vous, \u00e0 la maison. \u00c9dition WINTER Torr\u00e9faction artisanale \u2013 s\u00e9rie limit\u00e9e. Provenance Mexico Capitan \u2013 Arabica 70 % India Keppi Royal \u2013 Robusta 30 % Notes de d\u00e9gustation Au [&hellip;]<\/p>\n","protected":false},"author":2,"featured_media":0,"parent":0,"menu_order":0,"comment_status":"closed","ping_status":"closed","template":"","meta":{"_monsterinsights_skip_tracking":false,"_monsterinsights_sitenote_active":false,"_monsterinsights_sitenote_note":"","_monsterinsights_sitenote_category":0,"footnotes":""},"class_list":["post-1135","page","type-page","status-publish","hentry"],"_links":{"self":[{"href":"https:\/\/latabatiere.ch\/fr\/wp-json\/wp\/v2\/pages\/1135"}],"collection":[{"href":"https:\/\/latabatiere.ch\/fr\/wp-json\/wp\/v2\/pages"}],"about":[{"href":"https:\/\/latabatiere.ch\/fr\/wp-json\/wp\/v2\/types\/page"}],"author":[{"embeddable":true,"href":"https:\/\/latabatiere.ch\/fr\/wp-json\/wp\/v2\/users\/2"}],"replies":[{"embeddable":true,"href":"https:\/\/latabatiere.ch\/fr\/wp-json\/wp\/v2\/comments?post=1135"}],"version-history":[{"count":63,"href":"https:\/\/latabatiere.ch\/fr\/wp-json\/wp\/v2\/pages\/1135\/revisions"}],"predecessor-version":[{"id":1469,"href":"https:\/\/latabatiere.ch\/fr\/wp-json\/wp\/v2\/pages\/1135\/revisions\/1469"}],"wp:attachment":[{"href":"https:\/\/latabatiere.ch\/fr\/wp-json\/wp\/v2\/media?parent=1135"}],"curies":[{"name":"wp","href":"https:\/\/api.w.org\/{rel}","templated":true}]}}