{"id":1021,"date":"2025-12-17T22:53:12","date_gmt":"2025-12-17T22:53:12","guid":{"rendered":"https:\/\/latabatiere.ch\/?page_id=1021"},"modified":"2026-01-21T12:34:23","modified_gmt":"2026-01-21T12:34:23","slug":"la-maison","status":"publish","type":"page","link":"https:\/\/latabatiere.ch\/fr\/la-maison\/","title":{"rendered":"La Maison"},"content":{"rendered":"<h3>LA MAISON<\/h3>\n<p>\nLa Tabati\u00e8re, une entreprise familiale \u00e0 Fribourg.<br \/>\nDepuis 1978.\n<\/p>\n<p style=\"text-align: center;\">\n  <img loading=\"lazy\" decoding=\"async\" src=\"http:\/\/latabatiere.ch\/wp-content\/uploads\/2025\/12\/AboutUs-scaled.jpeg\" alt=\"\" width=\"600\" height=\"206\" class=\"alignnone size-medium wp-image-578\" \/>\n<\/p>\n<h3 style=\"margin: 0 0 0.6em 0;\">Certifications<\/h3>\n<ul style=\"margin: 0 0 1.2em 1.2em;\">\n<li>Habanos Specialist D.O.P.<\/li>\n<li>D\u00e9positaire Davidoff agr\u00e9\u00e9<\/li>\n<li>Patoro Ambassador<\/li>\n<li>Blender de tabac artisanal<\/li>\n<li>Top Address Whisky Guide CH<\/li>\n<li>The Single Malt Shop Partner (permanent resident)<\/li>\n<li>Caf\u00e9 de sp\u00e9cialit\u00e9 : membre SCAE<\/li>\n<li>Partenaire agr\u00e9\u00e9 S.T. Dupont<\/li>\n<li>Partenaire PORSCHE DESIGN<\/li>\n<\/ul>\n<h3 style=\"margin: 2.6em 0 0.6em 0;\">Qualit\u00e9 &amp; stockage certifi\u00e9s suisses<\/h3>\n<p><strong>Contr\u00f4le qualit\u00e9 suisse certifi\u00e9<\/strong><br \/>\nINTERTABAK AG confirme que chaque cigare cubain achet\u00e9 chez nous est un produit authentique de Habanos S.A. \u00e0 Cuba, import\u00e9 officiellement en Suisse par INTERTABAK AG et ayant pass\u00e9 avec succ\u00e8s le contr\u00f4le qualit\u00e9 suisse.<br \/>\nIl a toujours \u00e9t\u00e9 stock\u00e9 dans des conditions parfaites.<br \/>\nIl en va de m\u00eame pour l\u2019ensemble des produits d\u2019Oettinger Davidoff AG.<\/p>\n<p><strong>Stockage suisse certifi\u00e9<\/strong><br \/>\nNous stockons nos cigares avec le plus grand soin : \u00e0 temp\u00e9rature et humidit\u00e9 contr\u00f4l\u00e9es, conform\u00e9ment aux normes strictes d\u2019INTERTABAK AG et d\u2019Oettinger Davidoff AG.<\/p>\n","protected":false},"excerpt":{"rendered":"<p>LA MAISON La Tabati\u00e8re, une entreprise familiale \u00e0 Fribourg. Depuis 1978. Certifications Habanos Specialist D.O.P. D\u00e9positaire Davidoff agr\u00e9\u00e9 Patoro Ambassador Blender de tabac artisanal Top Address Whisky Guide CH The Single Malt Shop Partner (permanent resident) Caf\u00e9 de sp\u00e9cialit\u00e9 : membre SCAE Partenaire agr\u00e9\u00e9 S.T. Dupont Partenaire PORSCHE DESIGN Qualit\u00e9 &amp; stockage certifi\u00e9s suisses Contr\u00f4le [&hellip;]<\/p>\n","protected":false},"author":2,"featured_media":0,"parent":0,"menu_order":0,"comment_status":"closed","ping_status":"closed","template":"","meta":{"_monsterinsights_skip_tracking":false,"_monsterinsights_sitenote_active":false,"_monsterinsights_sitenote_note":"","_monsterinsights_sitenote_category":0,"footnotes":""},"class_list":["post-1021","page","type-page","status-publish","hentry"],"_links":{"self":[{"href":"https:\/\/latabatiere.ch\/fr\/wp-json\/wp\/v2\/pages\/1021"}],"collection":[{"href":"https:\/\/latabatiere.ch\/fr\/wp-json\/wp\/v2\/pages"}],"about":[{"href":"https:\/\/latabatiere.ch\/fr\/wp-json\/wp\/v2\/types\/page"}],"author":[{"embeddable":true,"href":"https:\/\/latabatiere.ch\/fr\/wp-json\/wp\/v2\/users\/2"}],"replies":[{"embeddable":true,"href":"https:\/\/latabatiere.ch\/fr\/wp-json\/wp\/v2\/comments?post=1021"}],"version-history":[{"count":14,"href":"https:\/\/latabatiere.ch\/fr\/wp-json\/wp\/v2\/pages\/1021\/revisions"}],"predecessor-version":[{"id":1467,"href":"https:\/\/latabatiere.ch\/fr\/wp-json\/wp\/v2\/pages\/1021\/revisions\/1467"}],"wp:attachment":[{"href":"https:\/\/latabatiere.ch\/fr\/wp-json\/wp\/v2\/media?parent=1021"}],"curies":[{"name":"wp","href":"https:\/\/api.w.org\/{rel}","templated":true}]}}