{"id":1314,"date":"2020-03-19T19:42:14","date_gmt":"2020-03-19T19:42:14","guid":{"rendered":"https:\/\/latabatiere.ch\/cgv-agb\/"},"modified":"2026-01-21T12:01:38","modified_gmt":"2026-01-21T12:01:38","slug":"cgv-agb","status":"publish","type":"page","link":"https:\/\/latabatiere.ch\/de\/cgv-agb\/","title":{"rendered":"CGV | AGB | GTC"},"content":{"rendered":"<div class=\"su-row\">\n<div class=\"su-column su-column-size-1-1\"><div class=\"su-column-inner su-u-clearfix su-u-trim\"><\/div><\/div>\n<h3>Allgemeine Gesch\u00e4ftsbedingungen (AGB)<\/h3>\n<p><strong>1. ALLGEMEINES<\/strong><br \/>\nwww.latabatiere.ch ist eine Unternehmung der La Tabati\u00e8re S\u00e0rl, Bvd de P\u00e9rolles 26, CH-1700 Fribourg.<\/p>\n<p>Diese Allgemeinen Gesch\u00e4ftsbedingungen (nachfolgend AGB genannt) bilden die Grundlage der Gesch\u00e4ftsbeziehung zwischen der Kundschaft und www.latabatiere.ch.<br \/>\nMit dem Absenden einer Bestellung erkl\u00e4rt sich der Kunde mit den jeweils g\u00fcltigen AGB einverstanden.<\/p>\n<p><strong>2. JUGENDSCHUTZ<\/strong><br \/>\nAlkoholische Getr\u00e4nke d\u00fcrfen in der Schweiz gem\u00e4ss den gesetzlichen Bestimmungen nicht an Jugendliche unter 16 Jahren verkauft werden.<br \/>\nSpirituosen d\u00fcrfen nicht an Minderj\u00e4hrige unter 18 Jahren abgegeben werden.<br \/>\nTabakwaren werden nicht an Personen unter 16 Jahren verkauft.<br \/>\nMit einer Bestellung auf www.latabatiere.ch best\u00e4tigt der Kunde, dass er zum Einkauf berechtigt ist.<br \/>\nLa Tabati\u00e8re S\u00e0rl lehnt jegliche Haftung bei Zuwiderhandlung ab.<\/p>\n<p><strong>3. VERKAUFSBESCHR\u00c4NKUNGEN<\/strong><br \/>\nLa Tabati\u00e8re S\u00e0rl beh\u00e4lt sich das alleinige Recht vor, Verkaufsbeschr\u00e4nkungen durchzusetzen.<br \/>\nAuch wenn www.latabatiere.ch Bestellung und Zahlung akzeptiert, kann die Bestellmenge nachtr\u00e4glich beschr\u00e4nkt werden.<br \/>\nAllf\u00e4llig geleistete Zahlungen werden innerhalb von 5 Werktagen im Umfang der gek\u00fcrzten Bestellung zur\u00fcckerstattet.<br \/>\nSchadenersatz- oder entgangene Gewinnanspr\u00fcche sind ausgeschlossen.<\/p>\n<p><strong>4. GUTSCHEINE<\/strong><br \/>\nGutscheine k\u00f6nnen ausschliesslich im Gesch\u00e4ft eingel\u00f6st werden<br \/>\n(La Tabati\u00e8re, Bvd de P\u00e9rolles 26, 1700 Fribourg).<\/p>\n<p><strong>5. DATENSCHUTZ<\/strong><br \/>\nEs werden ausschliesslich jene Daten erhoben, welche zur Abwicklung der Bestellung und der Zahlung notwendig sind.<br \/>\nPersonenbezogene Kundendaten werden gem\u00e4ss den geltenden Datenschutzbestimmungen vertraulich behandelt und weder an Dritte weitergegeben noch zu Werbezwecken Dritter verwendet oder verkauft.<\/p>\n<p><strong>6. SICHERHEIT IM ELEKTRONISCHEN ZAHLUNGSVERKEHR<\/strong><br \/>\nSensible Daten werden verschl\u00fcsselt \u00fcbermittelt.<br \/>\nDer Sicherheit im elektronischen Zahlungsverkehr wird h\u00f6chste Priorit\u00e4t beigemessen.<br \/>\nDie eingesetzten Verschl\u00fcsselungstechniken entsprechen den aktuellen internationalen Standards.<\/p>\n<p><strong>7. PREISE<\/strong><br \/>\nAlle Preise verstehen sich pro Artikel in CHF inklusive der jeweils g\u00fcltigen gesetzlichen Mehrwertsteuer.<br \/>\nPreis\u00e4nderungen sowie zeitlich begrenzte Aktionen sind jederzeit m\u00f6glich und bed\u00fcrfen keiner Vorank\u00fcndigung.<\/p>\n<p><strong>8. ZAHLUNGSBEDINGUNGEN<\/strong><br \/>\nZahlungen sind m\u00f6glich via TWINT, PayPal, Vorauszahlung oder \u2014 bei Abholung \u2014 durch Zahlung im Gesch\u00e4ft.<\/p>\n<p><strong>9. LIEFERBEDINGUNGEN<\/strong><br \/>\nDie Lieferung erfolgt nach Bestelleingang und Zahlung an die Rechnungsadresse oder an eine vom Kunden gew\u00e4hlte Lieferadresse.<br \/>\nLieferungen an mehrere Empf\u00e4nger erfordern mehrere separate Bestellungen.<br \/>\nDie Lieferung erfolgt in der Regel innerhalb von 2 bis 3 Werktagen nach Zahlungseingang.<br \/>\nKann eine Bestellung nicht ausgeliefert werden, wird der Kunde umgehend informiert und bereits geleistete Zahlungen werden innerhalb von 5 Werktagen zur\u00fcckerstattet.<br \/>\nSchadenersatz- oder entgangene Gewinnanspr\u00fcche sind ausgeschlossen.<\/p>\n<p><strong>10. VERPACKUNG UND VERSAND<\/strong><br \/>\nDie Verpackungs- und Versandkosten innerhalb der Schweiz sowie im F\u00fcrstentum Liechtenstein sind f\u00fcr Bestellungen unter CHF 500.\u2013 (exkl. MWST) variabel.<br \/>\nF\u00fcr Bestellungen \u00fcber CHF 500.\u2013 (exkl. MWST) fallen keine Verpackungs- und Versandkosten an.<br \/>\nDie Wahl der geeigneten Verpackung und Versandart obliegt La Tabati\u00e8re S\u00e0rl.<\/p>\n<p><strong>11. VERF\u00dcGBARKEIT<\/strong><br \/>\nDie auf www.latabatiere.ch angebotenen Produkte sind in der Regel ab Lager verf\u00fcgbar.<br \/>\nSollte ein Produkt kurzfristig nicht oder nicht mehr verf\u00fcgbar sein, wird der Kunde schnellstm\u00f6glich informiert.<br \/>\nSortiments- und Verf\u00fcgbarkeits\u00e4nderungen bleiben ausdr\u00fccklich vorbehalten.<\/p>\n<p><strong>12. M\u00c4NGEL \/ UMTAUSCH \/ R\u00dcCKNAHME<\/strong><br \/>\nJede Bestellung auf www.latabatiere.ch ist verbindlich.<\/p>\n<p>Ein Anspruch auf Umverpackung (Tubes, Originalschachteln etc.) besteht nicht.<br \/>\nMassgebend ist grunds\u00e4tzlich die Produktbeschreibung, nicht die Abbildung.<\/p>\n<p>Ein Umtausch oder eine R\u00fccknahme der bestellten Produkte ist ausgeschlossen, mit Ausnahme von Fehllieferungen oder Transportsch\u00e4den.<br \/>\nBeanstandungen m\u00fcssen schriftlich innerhalb von 5 Tagen nach Erhalt der Ware gemeldet werden.<br \/>\nErfolgt keine M\u00e4ngelr\u00fcge innerhalb dieser Frist, gilt die Lieferung als genehmigt und m\u00e4ngelfrei.<\/p>\n<p>Bei R\u00fccksendungen tr\u00e4gt der Kunde das Risiko bis zum Eintreffen der Ware bei La Tabati\u00e8re S\u00e0rl.<br \/>\nAnerkannte M\u00e4ngel werden in der H\u00f6he der \u00fcblichen Postversandkosten verg\u00fctet.<br \/>\nIst ein bestelltes und bezahltes Produkt innerhalb von vier Wochen nicht lieferbar, kann der Kunde die R\u00fcckerstattung des Kaufbetrags verlangen.<br \/>\nSchadenersatz- oder entgangene Gewinnanspr\u00fcche sind ausgeschlossen.<\/p>\n<p><strong>13. G\u00dcLTIGKEIT DER AGB<\/strong><br \/>\nSollten einzelne Bestimmungen dieser AGB unwirksam sein oder werden, bleibt die Wirksamkeit der \u00fcbrigen Bestimmungen unber\u00fchrt.<br \/>\nDie AGB k\u00f6nnen jederzeit und ohne Vorank\u00fcndigung ge\u00e4ndert werden.<\/p>\n<p><strong>14. GERICHTSSTAND<\/strong><br \/>\nEs gilt ausschliesslich schweizerisches Recht.<br \/>\nGerichtsstand ist Fribourg.<\/p>\n<p><\/su_column><\/p>\n<\/div>\n","protected":false},"excerpt":{"rendered":"","protected":false},"author":2,"featured_media":0,"parent":0,"menu_order":0,"comment_status":"closed","ping_status":"closed","template":"","meta":{"_monsterinsights_skip_tracking":false,"_monsterinsights_sitenote_active":false,"_monsterinsights_sitenote_note":"","_monsterinsights_sitenote_category":0,"footnotes":""},"class_list":["post-1314","page","type-page","status-publish","hentry"],"_links":{"self":[{"href":"https:\/\/latabatiere.ch\/de\/wp-json\/wp\/v2\/pages\/1314"}],"collection":[{"href":"https:\/\/latabatiere.ch\/de\/wp-json\/wp\/v2\/pages"}],"about":[{"href":"https:\/\/latabatiere.ch\/de\/wp-json\/wp\/v2\/types\/page"}],"author":[{"embeddable":true,"href":"https:\/\/latabatiere.ch\/de\/wp-json\/wp\/v2\/users\/2"}],"replies":[{"embeddable":true,"href":"https:\/\/latabatiere.ch\/de\/wp-json\/wp\/v2\/comments?post=1314"}],"version-history":[{"count":3,"href":"https:\/\/latabatiere.ch\/de\/wp-json\/wp\/v2\/pages\/1314\/revisions"}],"predecessor-version":[{"id":1454,"href":"https:\/\/latabatiere.ch\/de\/wp-json\/wp\/v2\/pages\/1314\/revisions\/1454"}],"wp:attachment":[{"href":"https:\/\/latabatiere.ch\/de\/wp-json\/wp\/v2\/media?parent=1314"}],"curies":[{"name":"wp","href":"https:\/\/api.w.org\/{rel}","templated":true}]}}