{"id":1308,"date":"2025-12-17T22:53:12","date_gmt":"2025-12-17T22:53:12","guid":{"rendered":"https:\/\/latabatiere.ch\/la-maison\/"},"modified":"2026-01-21T12:33:41","modified_gmt":"2026-01-21T12:33:41","slug":"la-maison","status":"publish","type":"page","link":"https:\/\/latabatiere.ch\/de\/la-maison\/","title":{"rendered":"La Maison"},"content":{"rendered":"<h3>DAS HAUS<\/h3>\n<p>\nLa Tabati\u00e8re, ein Familienunternehmen in Freiburg.<br \/>\nSeit 1978.\n<\/p>\n<p style=\"text-align: center;\">\n  <img loading=\"lazy\" decoding=\"async\" src=\"http:\/\/latabatiere.ch\/wp-content\/uploads\/2025\/12\/AboutUs-scaled.jpeg\" alt=\"\" width=\"600\" height=\"206\" class=\"alignnone size-medium wp-image-578\" \/>\n<\/p>\n<h3 style=\"margin: 0 0 0.6em 0;\">Zertifizierungen<\/h3>\n<ul style=\"margin: 0 0 1.2em 1.2em;\">\n<li>Habanos Specialist D.O.P.<\/li>\n<li>D\u00e9positaire Davidoff agr\u00e9\u00e9<\/li>\n<li>Patoro Ambassador<\/li>\n<li>Handwerklicher Tabakblender<\/li>\n<li>Top Address Whisky Guide CH<\/li>\n<li>The Single Malt Shop Partner (permanent resident)<\/li>\n<li>Speciality Coffee: SCAE-Mitglied<\/li>\n<li>Autorisierter S.T. Dupont Partner<\/li>\n<li>PORSCHE DESIGN Partner<\/li>\n<\/ul>\n<h3 style=\"margin: 2.6em 0 0.6em 0;\">Zertifizierte Qualit\u00e4t &amp; Lagerung in der Schweiz<\/h3>\n<p><strong>Zertifizierte Schweizer Qualit\u00e4tskontrolle<\/strong><br \/>\nINTERTABAK AG best\u00e4tigt, dass jede bei uns gekaufte kubanische Zigarre ein authentisches Produkt von Habanos S.A. in Kuba ist, offiziell von INTERTABAK AG in die Schweiz importiert wurde und die Schweizer Qualit\u00e4tskontrolle erfolgreich bestanden hat. Sie wurde stets unter perfekten Bedingungen gelagert.<br \/>\nDasselbe gilt f\u00fcr alle Produkte der Oettinger Davidoff AG.<\/p>\n<p><strong>Zertifizierte Lagerung in Schweizer Qualit\u00e4t<\/strong><br \/>\nWir bewahren unsere Zigarren sicher auf: Lagerung bei kontrollierter Temperatur und Luftfeuchtigkeit nach den strengen Vorgaben der INTERTABAK AG und der Oettinger Davidoff AG.<\/p>\n","protected":false},"excerpt":{"rendered":"<p>DAS HAUS La Tabati\u00e8re, ein Familienunternehmen in Freiburg. Seit 1978. Zertifizierungen Habanos Specialist D.O.P. D\u00e9positaire Davidoff agr\u00e9\u00e9 Patoro Ambassador Handwerklicher Tabakblender Top Address Whisky Guide CH The Single Malt Shop Partner (permanent resident) Speciality Coffee: SCAE-Mitglied Autorisierter S.T. Dupont Partner PORSCHE DESIGN Partner Zertifizierte Qualit\u00e4t &amp; Lagerung in der Schweiz Zertifizierte Schweizer Qualit\u00e4tskontrolle INTERTABAK AG [&hellip;]<\/p>\n","protected":false},"author":2,"featured_media":0,"parent":0,"menu_order":0,"comment_status":"closed","ping_status":"closed","template":"","meta":{"_monsterinsights_skip_tracking":false,"_monsterinsights_sitenote_active":false,"_monsterinsights_sitenote_note":"","_monsterinsights_sitenote_category":0,"footnotes":""},"class_list":["post-1308","page","type-page","status-publish","hentry"],"_links":{"self":[{"href":"https:\/\/latabatiere.ch\/de\/wp-json\/wp\/v2\/pages\/1308"}],"collection":[{"href":"https:\/\/latabatiere.ch\/de\/wp-json\/wp\/v2\/pages"}],"about":[{"href":"https:\/\/latabatiere.ch\/de\/wp-json\/wp\/v2\/types\/page"}],"author":[{"embeddable":true,"href":"https:\/\/latabatiere.ch\/de\/wp-json\/wp\/v2\/users\/2"}],"replies":[{"embeddable":true,"href":"https:\/\/latabatiere.ch\/de\/wp-json\/wp\/v2\/comments?post=1308"}],"version-history":[{"count":6,"href":"https:\/\/latabatiere.ch\/de\/wp-json\/wp\/v2\/pages\/1308\/revisions"}],"predecessor-version":[{"id":1465,"href":"https:\/\/latabatiere.ch\/de\/wp-json\/wp\/v2\/pages\/1308\/revisions\/1465"}],"wp:attachment":[{"href":"https:\/\/latabatiere.ch\/de\/wp-json\/wp\/v2\/media?parent=1308"}],"curies":[{"name":"wp","href":"https:\/\/api.w.org\/{rel}","templated":true}]}}