{"id":1288,"date":"2025-12-18T22:56:19","date_gmt":"2025-12-18T22:56:19","guid":{"rendered":"https:\/\/latabatiere.ch\/notre-cafe\/"},"modified":"2026-01-21T11:38:05","modified_gmt":"2026-01-21T11:38:05","slug":"notre-cafe","status":"publish","type":"page","link":"https:\/\/latabatiere.ch\/de\/notre-cafe\/","title":{"rendered":"Notre caf\u00e9"},"content":{"rendered":"<p style=\"text-align: left; font-size: 1.4em; line-height: 1.3;\"><span style=\"color:#ffffff;\"> \u00ab es Ggaffi bitte, un Ggaff\u00e9 SVP ! \u00bb <\/span><\/p>\n<p style=\"text-align: left;\">\n  Probieren Sie den Kaffee von <strong>La Tabati\u00e8re<\/strong>, kreiert und ger\u00f6stet von <strong>Matteo \u2013 Caf\u00e9 Grand-Rue<\/strong>, f\u00fcr den Genuss <strong>zu Hause<\/strong>.\n<\/p>\n<p style=\"text-align: center;\">\n  <img loading=\"lazy\" decoding=\"async\" src=\"http:\/\/latabatiere.ch\/wp-content\/uploads\/2025\/12\/Ggaffi_yes-scaled.jpeg\"\n       alt=\"Caf\u00e9 Ggaffi \u2013 Winter Edition\"\n       width=\"600\"\n       height=\"206\" \/>\n<\/p>\n<p style=\"text-align:center;\">\n  <strong>WINTER EDITION<\/strong><br \/>\nHandwerkliche R\u00f6stung \u2013 limitierte Serie.<\/p>\n<p style=\"text-align: center;\">\n  <strong>Herkunft<\/strong><br \/>\n  Mexico Capitan \u2013 Arabica 70 %<br \/>\n  India Keppi Royal \u2013 Robusta 30 %\n<\/p>\n<p style=\"text-align: center;\">\n  <strong>Degustationsnotizen<\/strong><br \/>\n  In der Nase: Noten von ger\u00f6steter Brioche<br \/>\n  Am Gaumen: sch\u00f6ne, cremige Rundheit<br \/>\n  Im Abgang: elegante Frische\n<\/p>\n<div style=\"text-align:center;\">\n<div style=\"line-height:1.2;\">\n    \u2615<br \/>\n<strong>Limitierte Menge bei uns im Laden<\/strong>\n  <\/div>\n<div style=\"margin-top:2px;\">\n    <a href=\"https:\/\/wa.me\/41793223232?text=Bonjour%20La%20Tabati\u00e8re,%20je%20souhaite%20un%20renseignement%20sur%20le%20caf\u00e9%20Ggaffi%20Winter%20Edition.\"\n       style=\"color:#b59a5b; text-decoration:none;\"><br \/>\n      F\u00fcr eine Bestellung erreichen Sie uns auch gerne \u00fcber WhatsApp unter 079 322 32 32.<br \/>\n    <\/a>\n  <\/div>\n<div style=\"margin-top:4px;\">\n    <a href=\"https:\/\/wa.me\/41793223232?text=Bonjour%20La%20Tabati\u00e8re,%20je%20souhaite%20un%20renseignement%20sur%20le%20caf\u00e9%20Ggaffi%20Winter%20Edition.\" target=\"_blank\" rel=\"noopener\"><br \/>\n      <img decoding=\"async\" src=\"http:\/\/latabatiere.ch\/wp-content\/uploads\/2025\/12\/QR_LT1700_ok-e1766142767534.jpeg\"\n           alt=\"WhatsApp La Tabati\u00e8re\"\n           width=\"300\" \/><br \/>\n    <\/a>\n  <\/div>\n<\/div>\n","protected":false},"excerpt":{"rendered":"<p>\u00ab es Ggaffi bitte, un Ggaff\u00e9 SVP ! \u00bb Probieren Sie den Kaffee von La Tabati\u00e8re, kreiert und ger\u00f6stet von Matteo \u2013 Caf\u00e9 Grand-Rue, f\u00fcr den Genuss zu Hause. WINTER EDITION Handwerkliche R\u00f6stung \u2013 limitierte Serie. Herkunft Mexico Capitan \u2013 Arabica 70 % India Keppi Royal \u2013 Robusta 30 % Degustationsnotizen In der Nase: Noten [&hellip;]<\/p>\n","protected":false},"author":2,"featured_media":0,"parent":0,"menu_order":0,"comment_status":"closed","ping_status":"closed","template":"","meta":{"_monsterinsights_skip_tracking":false,"_monsterinsights_sitenote_active":false,"_monsterinsights_sitenote_note":"","_monsterinsights_sitenote_category":0,"footnotes":""},"class_list":["post-1288","page","type-page","status-publish","hentry"],"_links":{"self":[{"href":"https:\/\/latabatiere.ch\/de\/wp-json\/wp\/v2\/pages\/1288"}],"collection":[{"href":"https:\/\/latabatiere.ch\/de\/wp-json\/wp\/v2\/pages"}],"about":[{"href":"https:\/\/latabatiere.ch\/de\/wp-json\/wp\/v2\/types\/page"}],"author":[{"embeddable":true,"href":"https:\/\/latabatiere.ch\/de\/wp-json\/wp\/v2\/users\/2"}],"replies":[{"embeddable":true,"href":"https:\/\/latabatiere.ch\/de\/wp-json\/wp\/v2\/comments?post=1288"}],"version-history":[{"count":3,"href":"https:\/\/latabatiere.ch\/de\/wp-json\/wp\/v2\/pages\/1288\/revisions"}],"predecessor-version":[{"id":1440,"href":"https:\/\/latabatiere.ch\/de\/wp-json\/wp\/v2\/pages\/1288\/revisions\/1440"}],"wp:attachment":[{"href":"https:\/\/latabatiere.ch\/de\/wp-json\/wp\/v2\/media?parent=1288"}],"curies":[{"name":"wp","href":"https:\/\/api.w.org\/{rel}","templated":true}]}}