{"id":1282,"date":"2025-12-18T23:11:18","date_gmt":"2025-12-18T23:11:18","guid":{"rendered":"https:\/\/latabatiere.ch\/nos-references\/"},"modified":"2026-01-14T08:04:11","modified_gmt":"2026-01-14T08:04:11","slug":"nos-references","status":"publish","type":"page","link":"https:\/\/latabatiere.ch\/de\/nos-references\/","title":{"rendered":"Nos r\u00e9f\u00e9rences"},"content":{"rendered":"<h3>UNSERE AUSWAHL AN REFERENZEN<\/h3>\n<p style=\"margin: 0 0 0.8em 0;\">\n  <strong>Entdecken Sie unsere Auswahl an Referenzen in der Boutique<\/strong> \u2014 wir freuen uns, Sie bei Ihrer Wahl begleiten zu d\u00fcrfen.\n<\/p>\n<p style=\"text-align: center;\">\n  <img loading=\"lazy\" decoding=\"async\" src=\"http:\/\/latabatiere.ch\/wp-content\/uploads\/2025\/12\/FineSpirits.jpg\"\n       alt=\"Our Fine Spirits\"\n       width=\"600\"\n       height=\"206\" \/>\n<\/p>\n<p><\/p>\n<p style=\"margin: 0 0 0.8em 0;\">\n  <strong>ZIGARREN<\/strong><br \/>\n  Unsere Zigarren, einzeln oder in der Kiste: betreten Sie unseren Walk-in-Humidor mit \u00fcber 600 Referenzen. Zertifizierte Schweizer Qualit\u00e4tskontrolle und Lagerung nach den strengen Vorgaben von INTERTABAK AG und Oettinger Davidoff AG.\n<\/p>\n<p><\/p>\n<p style=\"margin: 0 0 0.8em 0;\">\n  <strong>TABAKE &amp; PFEIFEN<\/strong><br \/>\n  Pfeifentabake (klassische Marken) und hauseigene Mischungen (der 2000 ist unser Klassiker) mit \u00fcber 200 Referenzen.<br \/>\nPfeifen renommierter europ\u00e4ischer Hersteller, ebenfalls mit mehr als 200 Referenzen zur Auswahl.\n<\/p>\n<p><\/p>\n<p style=\"margin: 0 0 0.8em 0;\">\n  <strong>SPIRITUOSEN<\/strong><br \/>\n  <strong>The Single Malt Shop<\/strong>, fester Bestandteil von <strong>La Tabati\u00e8re<\/strong> \u2014 Switzerland\u2019s Best Whisky Shop <strong>2015 &amp; 2025<\/strong>. Wir sind stolz, Ihnen eine pr\u00e4mierte Auswahl von \u00fcber <strong>300 aussergew\u00f6hnlichen Spirituosen<\/strong> anbieten zu d\u00fcrfen.\n<\/p>\n<p><\/p>\n<p style=\"margin: 0 0 1.2em 0;\">\n  <strong>KAFFEE<\/strong><br \/>\n  Probieren Sie Ggaffi|Ggaff\u00e9, den Kaffee von La Tabati\u00e8re \u2014 kreiert und ger\u00f6stet von Matteo (Caf\u00e9 Grand-Rue), f\u00fcr den Genuss zu Hause.\n<\/p>\n<p><\/p>\n<p style=\"margin: 0 0 1.2em 0;\">\n  <strong>ACCESSOIRES<\/strong><br \/>\n  S.T. Dupont, Porsche Design und ausgew\u00e4hlte Accessoires \u2014 gew\u00e4hlt f\u00fcr ihre Funktionalit\u00e4t und Langlebigkeit.\n<\/p>\n<p><\/p>\n<div style=\"margin-top: 1.2em;\"><\/div>\n<div class=\"su-accordion su-u-trim\">\n<div class=\"su-spoiler su-spoiler-style-default su-spoiler-icon-plus su-spoiler-closed\" data-scroll-offset=\"0\" data-anchor-in-url=\"no\"><div class=\"su-spoiler-title\" tabindex=\"0\" role=\"button\"><span class=\"su-spoiler-icon\"><\/span>Referenzliste<br \/>\n(nicht abschliessend)<\/div><div class=\"su-spoiler-content su-u-clearfix su-u-trim\">\n<h4>Zigarren<\/h4>\n<p>Cigares cubains : HABANOS D.O.P<br \/>\n(selon disponibilit\u00e9s)<br \/>\nBEHIKE, Bol\u00edvar, Cohiba, Cuaba, Diplom\u00e1ticos, El Rey del Mundo, Fonseca, H. Upmann, Hoyo de Monterrey, Hoyo de San Juan, Jos\u00e9 L. Piedra, Juan L\u00f3pez, La Flor de Cano, La Gloria Cubana, Montecristo, Partag\u00e1s, Por Larra\u00f1aga, Punch, Quai d\u2019Orsay, Quintero, Rafael Gonz\u00e1lez, Ram\u00f3n Allones, Romeo y Julieta, San Crist\u00f3bal de La Habana, San Luis Rey, Sancho Panza, Trinidad, Vegas Robaina, Vegueros<\/p>\n<p>Autres pays<br \/>\nDavidoff, Patoro, AJ Fernandez, Alec Bradley, Arturo Fuente, Asylum, AVO, Baltimore, Bentley, Black Label, Bongani, Caldwell, Camacho, Capitol, Casa Turrent, Cavalier de Gen\u00e8ve, Cigar Kings, Crazy Monkey, D8, Daughters of the Wind, EP Carrillo, Eiroa, El Sue\u00f1o, El S\u00e9ptimo, El Viejo Continente, Flor de Cop\u00e1n, Flor de Selva, Fratello, Furia, Griffin\u2019s, Horacio, Izambar, Joya de Nicaragua, La Aroma de Cuba, La Aurora, La Flor Dominicana, La Galera, La Ley, Laura Chavin, Macanudo, Mathilda, Minotaur, MOSH, My Father, NUB, Oscar Leaf, Oliva, OSA, Padilla, Perdomo, Plasencia, Rocky Patel, Samana, Skull, Sorella, Tatuaje, Tres Hermanos, Valentino Siesta, Vega Fina, Villiger, West Tampa\u2026<\/p>\n<h4>Tabake<\/h4>\n<p>Davidoff, Bellini, Bentley, Borkum Riff, Burrus, Capstan, Cellini, Chacom, Freyburg &#038; Treyer, Indian Summer, Kentucky Bird, Kohlhase &#038; Kopp, Mac Baren, Orlik, Peterson of Dublin, Rattray\u2019s, Solani, Stanwell, St. Louis Blues, Sunday\u2019s Fantasy, Vauen Auenland, Wellauer, W.O. Larsen\u2026<\/p>\n<h4>Pfeifen<\/h4>\n<p>Davidoff, Ascorti, Peterson, Vauen, Chacom, Faro, Savinelli, Stanwell, Firex, L&#8217;anatra, Cheppeto, Ceppo\u2026<\/p>\n<h4>Whiskys<\/h4>\n<p>Aberfeldy, Aberlour, anCnoc, Ardmore, Ardbeg, Armorik, Arran, Auchentoshan, Aultmore, Balblair, Balvenie, Ballechin, BenRiach, Benromach, Big Peat, Bowmore, Bruichladdich, Bunnahabhain, Bushmills, Caol Ila, Cardhu, Clynelish, Connemara, Cragganmore, Craigellachie, Dalmore, Dalwhinnie, Deanston, Edradour, Evan Williams, Fettercairn, Finlaggan, Fuyu, Glen Deveron, Glen Elgin, Glen Garioch, Glen Moray, Glen Scotia, GlenAllachie, Glenburgie, Glencadam, Glendalough, GlenDronach, Glenfarclas, Glenfiddich, Glenkinchie, Glenlivet, Glenmorangie, Glenrothes, Glentauchers, Green Spot, Hakushu, Hammer Head, Hazelburn, Highland Park, Hibiki, Ileach, Inchmoan, Inchmurrin, Jura, Kavalan, Kilchoman, Kilkerran, Lagavulin, Langatun, Laphroaig, Ledaig, Loch Lomond, Longmorn, Longrow, Macallan, MacNair\u2019s, Midleton, Miltonduff, Monkey Shoulder, Mortlach, Nikka, Nomad, Oban, Octomore, Old Ballantruan, Old Pulteney, Omar, Paul John, Penderyn, Port Charlotte, Raasay, Redbreast, Rock Oyster, Roe &amp; Co., Royal Brackla, Royal Lochnagar, S\u00e4ntis Malt, Scallywag, Scapa, Singleton of Dufftown, Smokehead, Speyburn, Springbank, Swiss Mountain Single Malt, Talisker, Tamdhu, Tamnavulin, Teeling, Timorous Beastie, Tomatin, Tomintoul, Tullibardine, Wild Turkey, Wolfburn, Woodford Reserve, Writer\u2019s Tears, Yellow Spot\u2026<\/p>\n<h4>Rums<\/h4>\n<p>Abuelo, Angostura, Appleton Estate, Centenario, Cl\u00e9ment, Diplomatico, Don Papa, Havana Club, Kirk &amp; Sweeney, Lazy Dodo, Malecon, Matusalem, Millonario, Plantation, Pusser\u2019s, Zacapa\u2026<\/p>\n<h4>Signature<\/h4>\n<p>Cognac Davidoff VSOP, Cognac Davidoff XO, Gin PATORO Sir Chill und weitere Small-Batch-Referenzen\u2026<\/p>\n<h4>Raucherartikel<\/h4>\n<p>S.T. Dupont, Porsche Design, Ronson, Les Fines Lames, Savinelli, Colibri, Lubinsky Italy, Pocket Torch, Easy Torch, Zippo\u2026<\/p>\n<\/div><\/div>\n<\/div>\n","protected":false},"excerpt":{"rendered":"<p>UNSERE AUSWAHL AN REFERENZEN Entdecken Sie unsere Auswahl an Referenzen in der Boutique \u2014 wir freuen uns, Sie bei Ihrer Wahl begleiten zu d\u00fcrfen. ZIGARREN Unsere Zigarren, einzeln oder in der Kiste: betreten Sie unseren Walk-in-Humidor mit \u00fcber 600 Referenzen. Zertifizierte Schweizer Qualit\u00e4tskontrolle und Lagerung nach den strengen Vorgaben von INTERTABAK AG und Oettinger Davidoff [&hellip;]<\/p>\n","protected":false},"author":2,"featured_media":0,"parent":0,"menu_order":0,"comment_status":"closed","ping_status":"closed","template":"","meta":{"_monsterinsights_skip_tracking":false,"_monsterinsights_sitenote_active":false,"_monsterinsights_sitenote_note":"","_monsterinsights_sitenote_category":0,"footnotes":""},"class_list":["post-1282","page","type-page","status-publish","hentry"],"_links":{"self":[{"href":"https:\/\/latabatiere.ch\/de\/wp-json\/wp\/v2\/pages\/1282"}],"collection":[{"href":"https:\/\/latabatiere.ch\/de\/wp-json\/wp\/v2\/pages"}],"about":[{"href":"https:\/\/latabatiere.ch\/de\/wp-json\/wp\/v2\/types\/page"}],"author":[{"embeddable":true,"href":"https:\/\/latabatiere.ch\/de\/wp-json\/wp\/v2\/users\/2"}],"replies":[{"embeddable":true,"href":"https:\/\/latabatiere.ch\/de\/wp-json\/wp\/v2\/comments?post=1282"}],"version-history":[{"count":2,"href":"https:\/\/latabatiere.ch\/de\/wp-json\/wp\/v2\/pages\/1282\/revisions"}],"predecessor-version":[{"id":1421,"href":"https:\/\/latabatiere.ch\/de\/wp-json\/wp\/v2\/pages\/1282\/revisions\/1421"}],"wp:attachment":[{"href":"https:\/\/latabatiere.ch\/de\/wp-json\/wp\/v2\/media?parent=1282"}],"curies":[{"name":"wp","href":"https:\/\/api.w.org\/{rel}","templated":true}]}}