{"id":1276,"date":"2025-07-17T05:42:27","date_gmt":"2025-07-17T05:42:27","guid":{"rendered":"https:\/\/latabatiere.ch\/nos-tabacs-maison\/"},"modified":"2026-01-14T08:00:10","modified_gmt":"2026-01-14T08:00:10","slug":"nos-tabacs-maison","status":"publish","type":"page","link":"https:\/\/latabatiere.ch\/de\/nos-tabacs-maison\/","title":{"rendered":"Nos tabacs maison"},"content":{"rendered":"<h3>UNSERE HAUSEIGENEN TABAKMISCHUNGEN<\/h3>\n<p style=\"text-align: left;\">Entdecken Sie die offenen Mischungen von La Tabati\u00e8re: unsere einzigartigen Pfeifentabake, von Hand gemischt und direkt in unserer Boutique in Freiburg hergestellt.<\/p>\n<p style=\"text-align: center;\"><img loading=\"lazy\" decoding=\"async\" src=\"http:\/\/latabatiere.ch\/wp-content\/uploads\/2025\/12\/tobacco_ok-scaled.jpeg\" alt=\"\" width=\"600\" height=\"206\" class=\"alignnone size-medium wp-image-578\" \/><\/p>\n<p style=\"text-align: center;\"><img loading=\"lazy\" decoding=\"async\" src=\"http:\/\/latabatiere.ch\/wp-content\/uploads\/2025\/12\/TobaccoList20251211.png\" alt=\"\" width=\"600\" height=\"206\" class=\"alignnone size-medium wp-image-578\" \/><\/p>\n<div style=\"margin-top:2px; text-align:center;\">\n  <a href=\"https:\/\/wa.me\/41793223232?text=Bonjour%20La%20Tabati%C3%A8re,%20je%20souhaite%20un%20renseignement.\" target=\"_blank\" rel=\"noopener\" style=\"color:#b59a5b; text-decoration:none;\"><br \/>\n    F\u00fcr eine Bestellung oder eine Auskunft erreichen Sie uns auch gerne \u00fcber WhatsApp unter 079 322 32 32.<br \/>\n  <\/a>\n<\/div>\n<div style=\"margin-top:4px; text-align:center;\">\n  <a href=\"https:\/\/wa.me\/41793223232?text=Bonjour%20La%20Tabati%C3%A8re,%20je%20souhaite%20un%20renseignement.\" target=\"_blank\" rel=\"noopener\"><br \/>\n    <img decoding=\"async\" src=\"http:\/\/latabatiere.ch\/wp-content\/uploads\/2025\/12\/QR_LT1700_ok-e1766142767534.jpeg\"\n         alt=\"WhatsApp La Tabati\u00e8re\"\n         width=\"300\" \/><br \/>\n  <\/a>\n<\/div>\n","protected":false},"excerpt":{"rendered":"<p>UNSERE HAUSEIGENEN TABAKMISCHUNGEN Entdecken Sie die offenen Mischungen von La Tabati\u00e8re: unsere einzigartigen Pfeifentabake, von Hand gemischt und direkt in unserer Boutique in Freiburg hergestellt. F\u00fcr eine Bestellung oder eine Auskunft erreichen Sie uns auch gerne \u00fcber WhatsApp unter 079 322 32 32.<\/p>\n","protected":false},"author":2,"featured_media":0,"parent":0,"menu_order":0,"comment_status":"closed","ping_status":"closed","template":"","meta":{"_monsterinsights_skip_tracking":false,"_monsterinsights_sitenote_active":false,"_monsterinsights_sitenote_note":"","_monsterinsights_sitenote_category":0,"footnotes":""},"class_list":["post-1276","page","type-page","status-publish","hentry"],"_links":{"self":[{"href":"https:\/\/latabatiere.ch\/de\/wp-json\/wp\/v2\/pages\/1276"}],"collection":[{"href":"https:\/\/latabatiere.ch\/de\/wp-json\/wp\/v2\/pages"}],"about":[{"href":"https:\/\/latabatiere.ch\/de\/wp-json\/wp\/v2\/types\/page"}],"author":[{"embeddable":true,"href":"https:\/\/latabatiere.ch\/de\/wp-json\/wp\/v2\/users\/2"}],"replies":[{"embeddable":true,"href":"https:\/\/latabatiere.ch\/de\/wp-json\/wp\/v2\/comments?post=1276"}],"version-history":[{"count":3,"href":"https:\/\/latabatiere.ch\/de\/wp-json\/wp\/v2\/pages\/1276\/revisions"}],"predecessor-version":[{"id":1419,"href":"https:\/\/latabatiere.ch\/de\/wp-json\/wp\/v2\/pages\/1276\/revisions\/1419"}],"wp:attachment":[{"href":"https:\/\/latabatiere.ch\/de\/wp-json\/wp\/v2\/media?parent=1276"}],"curies":[{"name":"wp","href":"https:\/\/api.w.org\/{rel}","templated":true}]}}