{"id":1270,"date":"2025-12-11T21:11:37","date_gmt":"2025-12-11T21:11:37","guid":{"rendered":"https:\/\/latabatiere.ch\/la-note\/"},"modified":"2026-01-14T07:49:06","modified_gmt":"2026-01-14T07:49:06","slug":"la-note","status":"publish","type":"page","link":"https:\/\/latabatiere.ch\/de\/la-note\/","title":{"rendered":"La Note"},"content":{"rendered":"<h3>LA NOTE \u2013 VON LA TABATI\u00c8RE<\/h3>\n<p>Unsere kleine Notiz, um Sie \u00fcber das Leben von La Tabati\u00e8re auf dem Laufenden zu halten: Neuheiten, unsere Selektionen und besondere Momente, die wir miteinander teilen.<\/p>\n<p>Nur das Wesentliche.<\/p>\n<p>Um sie zu erhalten, melden Sie sich einfach unten an.<\/p>\n<p><a href=\"http:\/\/eepurl.com\/jtQVN6\"><\/p>\n<p style=\"text-align: center;\"><img loading=\"lazy\" decoding=\"async\" src=\"http:\/\/latabatiere.ch\/wp-content\/uploads\/2025\/12\/jtQVN6.qr_.16-copie.png\" alt=\"\" width=\"200\" height=\"200\" class=\"alignnone size-medium wp-image-578\" \/><\/a><\/p>\n<p><a href=\"https:\/\/latabatiere.us17.list-manage.com\/unsubscribe?u=5eac9c4b63ea22e6909db2d83&#038;id=36519620e8&#038;t=1\"><\/p>\n<p style=\"text-align: center;\">Sie k\u00f6nnen sich jederzeit abmelden. Ihre Daten werden \u00fcber Mailchimp verwaltet.<\/a><\/p>\n","protected":false},"excerpt":{"rendered":"<p>LA NOTE \u2013 VON LA TABATI\u00c8RE Unsere kleine Notiz, um Sie \u00fcber das Leben von La Tabati\u00e8re auf dem Laufenden zu halten: Neuheiten, unsere Selektionen und besondere Momente, die wir miteinander teilen. Nur das Wesentliche. Um sie zu erhalten, melden Sie sich einfach unten an. Sie k\u00f6nnen sich jederzeit abmelden. Ihre Daten werden \u00fcber Mailchimp [&hellip;]<\/p>\n","protected":false},"author":2,"featured_media":0,"parent":0,"menu_order":0,"comment_status":"closed","ping_status":"closed","template":"","meta":{"_monsterinsights_skip_tracking":false,"_monsterinsights_sitenote_active":false,"_monsterinsights_sitenote_note":"","_monsterinsights_sitenote_category":0,"footnotes":""},"class_list":["post-1270","page","type-page","status-publish","hentry"],"_links":{"self":[{"href":"https:\/\/latabatiere.ch\/de\/wp-json\/wp\/v2\/pages\/1270"}],"collection":[{"href":"https:\/\/latabatiere.ch\/de\/wp-json\/wp\/v2\/pages"}],"about":[{"href":"https:\/\/latabatiere.ch\/de\/wp-json\/wp\/v2\/types\/page"}],"author":[{"embeddable":true,"href":"https:\/\/latabatiere.ch\/de\/wp-json\/wp\/v2\/users\/2"}],"replies":[{"embeddable":true,"href":"https:\/\/latabatiere.ch\/de\/wp-json\/wp\/v2\/comments?post=1270"}],"version-history":[{"count":4,"href":"https:\/\/latabatiere.ch\/de\/wp-json\/wp\/v2\/pages\/1270\/revisions"}],"predecessor-version":[{"id":1416,"href":"https:\/\/latabatiere.ch\/de\/wp-json\/wp\/v2\/pages\/1270\/revisions\/1416"}],"wp:attachment":[{"href":"https:\/\/latabatiere.ch\/de\/wp-json\/wp\/v2\/media?parent=1270"}],"curies":[{"name":"wp","href":"https:\/\/api.w.org\/{rel}","templated":true}]}}